{"id":107,"date":"2026-05-11T07:38:19","date_gmt":"2026-05-11T07:38:19","guid":{"rendered":"https:\/\/hoteltomanage.com\/hizmetlerimiz\/"},"modified":"2026-05-11T08:00:48","modified_gmt":"2026-05-11T08:00:48","slug":"hizmetlerimiz","status":"publish","type":"page","link":"https:\/\/hoteltomanage.com\/en\/hizmetlerimiz\/","title":{"rendered":"Our Services"},"content":{"rendered":"<div class=\"wp-block-columns is-layout-flex wp-container-core-columns-is-layout-28f84493 wp-block-columns-is-layout-flex\">\n<div class=\"wp-block-column is-layout-flow wp-block-column-is-layout-flow\">\n<figure class=\"wp-block-image aligncenter size-full\"><img loading=\"lazy\" decoding=\"async\" width=\"600\" height=\"400\" src=\"https:\/\/hoteltomanage.com\/wp-content\/uploads\/2026\/05\/WhatsApp-Image-2026-05-09-at-15.48.14.jpeg\" alt=\"\" class=\"wp-image-29\" srcset=\"https:\/\/hoteltomanage.com\/wp-content\/uploads\/2026\/05\/WhatsApp-Image-2026-05-09-at-15.48.14.jpeg 600w, https:\/\/hoteltomanage.com\/wp-content\/uploads\/2026\/05\/WhatsApp-Image-2026-05-09-at-15.48.14-300x200.jpeg 300w\" sizes=\"auto, (max-width: 600px) 100vw, 600px\" \/><\/figure>\n<\/div>\n\n\n\n<div class=\"wp-block-column is-layout-flow wp-block-column-is-layout-flow\">\n<h3 class=\"wp-block-heading\">Hotels<\/h3>\n\n\n\n<p>Hotel2Manage, otel y\u00f6netiminde \u00e7al\u0131\u015fan memnuniyeti ile konuk memnuniyetinin sa\u011flanmas\u0131na y\u00f6nelik uygulamalar\u0131 ve maliyet kontrol\u00fc ile en \u00fcst seviyede karl\u0131l\u0131k hedeflemektedir.&nbsp;<br>Otelin b\u00fcnyesinde bulunan farkl\u0131 b\u00f6l\u00fcmlerin birbiri ile uyumu, hizmetlerinin y\u00fcksek standard\u0131 ve maliyetlerinin kontrol\u00fc, i\u015fletmenin s\u00fcrd\u00fcr\u00fclebilir olmas\u0131n\u0131 sa\u011flamaktad\u0131r.<br>S\u00fcrd\u00fcr\u00fclebilir turizm i\u00e7in, samimi, d\u00fcr\u00fcst, i\u015f eti\u011fine ba\u011fl\u0131 kalarak sorumluluk bilinci ile hareket etmek ana ilkelerimizdendir.<\/p>\n<\/div>\n<\/div>\n\n\n\n<div class=\"wp-block-columns is-layout-flex wp-container-core-columns-is-layout-28f84493 wp-block-columns-is-layout-flex\">\n<div class=\"wp-block-column is-layout-flow wp-block-column-is-layout-flow\" style=\"flex-basis:100%\">\n<div class=\"wp-block-group has-global-padding is-layout-constrained wp-block-group-is-layout-constrained\">\n<hr class=\"wp-block-separator has-alpha-channel-opacity\"\/>\n<\/div>\n<\/div>\n<\/div>\n\n\n\n<div class=\"wp-block-columns is-layout-flex wp-container-core-columns-is-layout-28f84493 wp-block-columns-is-layout-flex\">\n<div class=\"wp-block-column is-layout-flow wp-block-column-is-layout-flow\">\n<h3 class=\"wp-block-heading\">Residences<\/h3>\n\n\n\n<p>Hotel2Manage modern ya\u015fam standartlar\u0131na, Rezidans yap\u0131lacak b\u00f6lgenin dokusuna uygun bir mimari tasar\u0131ma ve en \u00f6nemlisi projede ya\u015fayacak profilin t\u00fcm ihtiya\u00e7lar\u0131n\u0131 eksiksiz bir \u015fekilde kar\u015f\u0131layacak sofistike ya\u015fam alanlar\u0131 tasarlar ve y\u00f6netir.<\/p>\n<\/div>\n\n\n\n<div class=\"wp-block-column is-layout-flow wp-block-column-is-layout-flow\">\n<figure class=\"wp-block-image aligncenter size-full is-resized\"><img loading=\"lazy\" decoding=\"async\" width=\"310\" height=\"310\" src=\"https:\/\/hoteltomanage.com\/wp-content\/uploads\/2026\/05\/residance.jpg\" alt=\"\" class=\"wp-image-32\" style=\"width:303px;height:auto\" srcset=\"https:\/\/hoteltomanage.com\/wp-content\/uploads\/2026\/05\/residance.jpg 310w, https:\/\/hoteltomanage.com\/wp-content\/uploads\/2026\/05\/residance-300x300.jpg 300w, https:\/\/hoteltomanage.com\/wp-content\/uploads\/2026\/05\/residance-150x150.jpg 150w\" sizes=\"auto, (max-width: 310px) 100vw, 310px\" \/><\/figure>\n<\/div>\n<\/div>\n\n\n\n<div class=\"wp-block-columns is-layout-flex wp-container-core-columns-is-layout-28f84493 wp-block-columns-is-layout-flex\">\n<div class=\"wp-block-column is-layout-flow wp-block-column-is-layout-flow\" style=\"flex-basis:100%\">\n<div class=\"wp-block-group has-global-padding is-layout-constrained wp-block-group-is-layout-constrained\">\n<hr class=\"wp-block-separator has-alpha-channel-opacity\"\/>\n<\/div>\n<\/div>\n<\/div>\n\n\n\n<div class=\"wp-block-columns is-layout-flex wp-container-core-columns-is-layout-28f84493 wp-block-columns-is-layout-flex\">\n<div class=\"wp-block-column is-layout-flow wp-block-column-is-layout-flow\">\n<figure class=\"wp-block-image aligncenter size-full\"><img loading=\"lazy\" decoding=\"async\" width=\"310\" height=\"310\" src=\"https:\/\/hoteltomanage.com\/wp-content\/uploads\/2026\/05\/spa-massage.jpg\" alt=\"\" class=\"wp-image-116\" srcset=\"https:\/\/hoteltomanage.com\/wp-content\/uploads\/2026\/05\/spa-massage.jpg 310w, https:\/\/hoteltomanage.com\/wp-content\/uploads\/2026\/05\/spa-massage-300x300.jpg 300w, https:\/\/hoteltomanage.com\/wp-content\/uploads\/2026\/05\/spa-massage-150x150.jpg 150w\" sizes=\"auto, (max-width: 310px) 100vw, 310px\" \/><\/figure>\n<\/div>\n\n\n\n<div class=\"wp-block-column is-layout-flow wp-block-column-is-layout-flow\">\n<h3 class=\"wp-block-heading\"><br>Spa &amp; Health<\/h3>\n\n\n\n<p>Hotel2Manage\u2019nin Spa Sa\u011fl\u0131k ve Fitness merkezleri i\u00e7in geli\u015ftirdi\u011fi He&amp;She Runs markas\u0131 spa sa\u011fl\u0131k ve fitness sekt\u00f6r\u00fcnde, yat\u0131r\u0131mc\u0131n\u0131n ihtiya\u00e7lar\u0131n\u0131 belirleyerek, uygun ekipmanlar\u0131n se\u00e7ilmesi ve standartlar\u0131n olu\u015fturulmas\u0131 ile alakal\u0131 do\u011fru planlama ve fizibilite \u00e7al\u0131\u015fmalar\u0131 yaparak yat\u0131r\u0131mc\u0131n\u0131n en iyi hizmeti sunmas\u0131n\u0131 sa\u011flar.<\/p>\n<\/div>\n<\/div>\n\n\n\n<div class=\"wp-block-group has-global-padding is-layout-constrained wp-block-group-is-layout-constrained\">\n<div class=\"wp-block-group has-global-padding is-layout-constrained wp-block-group-is-layout-constrained\">\n<hr class=\"wp-block-separator has-alpha-channel-opacity\"\/>\n<\/div>\n<\/div>\n\n\n\n<div class=\"wp-block-columns is-layout-flex wp-container-core-columns-is-layout-28f84493 wp-block-columns-is-layout-flex\">\n<div class=\"wp-block-column is-layout-flow wp-block-column-is-layout-flow\">\n<h3 class=\"wp-block-heading\">Food, Drink, and Entertainment<\/h3>\n\n\n\n<p>Hotel2Manage bir restoran ve cafe kurman\u0131n maliyetini yap\u0131lan yat\u0131r\u0131m\u0131n geri d\u00f6nme s\u00fcresini s\u00f6zle\u015fmelerini ve tedarik s\u00fcrecinin y\u00f6netilmesi mekan ve lokasyon, ara\u015ft\u0131rmay\u0131 yarat\u0131lan konsepti en iyi \u015fekilde hayata ge\u00e7irmeyi i\u00e7 mekan tasar\u0131m\u0131 ve men\u00fcde hangi \u00fcr\u00fcnlerin yer almas\u0131 ve sunumunun nas\u0131l yap\u0131lmas\u0131 gerekti\u011fini hizmet kalitesinin denetlenmesini ve raporlanmas\u0131n\u0131 olu\u015fturmaktad\u0131r.<\/p>\n<\/div>\n\n\n\n<div class=\"wp-block-column is-layout-flow wp-block-column-is-layout-flow\">\n<figure class=\"wp-block-image aligncenter size-full\"><img loading=\"lazy\" decoding=\"async\" width=\"781\" height=\"521\" src=\"https:\/\/hoteltomanage.com\/wp-content\/uploads\/2026\/05\/WhatsApp-Image-2026-05-09-at-15.48.13.jpeg\" alt=\"\" class=\"wp-image-30\" srcset=\"https:\/\/hoteltomanage.com\/wp-content\/uploads\/2026\/05\/WhatsApp-Image-2026-05-09-at-15.48.13.jpeg 781w, https:\/\/hoteltomanage.com\/wp-content\/uploads\/2026\/05\/WhatsApp-Image-2026-05-09-at-15.48.13-300x200.jpeg 300w, https:\/\/hoteltomanage.com\/wp-content\/uploads\/2026\/05\/WhatsApp-Image-2026-05-09-at-15.48.13-768x512.jpeg 768w\" sizes=\"auto, (max-width: 781px) 100vw, 781px\" \/><\/figure>\n<\/div>\n<\/div>","protected":false},"excerpt":{"rendered":"<p>Oteller Hotel2Manage, otel y\u00f6netiminde \u00e7al\u0131\u015fan memnuniyeti ile konuk memnuniyetinin sa\u011flanmas\u0131na y\u00f6nelik uygulamalar\u0131 ve maliyet kontrol\u00fc ile en \u00fcst seviyede karl\u0131l\u0131k hedeflemektedir.&nbsp;Otelin b\u00fcnyesinde bulunan farkl\u0131 b\u00f6l\u00fcmlerin birbiri ile uyumu, hizmetlerinin y\u00fcksek standard\u0131 ve maliyetlerinin kontrol\u00fc, i\u015fletmenin s\u00fcrd\u00fcr\u00fclebilir olmas\u0131n\u0131 sa\u011flamaktad\u0131r.S\u00fcrd\u00fcr\u00fclebilir turizm i\u00e7in, samimi, d\u00fcr\u00fcst, i\u015f eti\u011fine ba\u011fl\u0131 kalarak sorumluluk bilinci ile hareket etmek ana ilkelerimizdendir. Rezidanslar Hotel2Manage [&hellip;]<\/p>\n","protected":false},"author":1,"featured_media":0,"parent":0,"menu_order":0,"comment_status":"closed","ping_status":"closed","template":"","meta":{"footnotes":""},"class_list":["post-107","page","type-page","status-publish","hentry"],"_hostinger_reach_plugin_has_subscription_block":false,"_hostinger_reach_plugin_is_elementor":false,"_links":{"self":[{"href":"https:\/\/hoteltomanage.com\/en\/wp-json\/wp\/v2\/pages\/107","targetHints":{"allow":["GET"]}}],"collection":[{"href":"https:\/\/hoteltomanage.com\/en\/wp-json\/wp\/v2\/pages"}],"about":[{"href":"https:\/\/hoteltomanage.com\/en\/wp-json\/wp\/v2\/types\/page"}],"author":[{"embeddable":true,"href":"https:\/\/hoteltomanage.com\/en\/wp-json\/wp\/v2\/users\/1"}],"replies":[{"embeddable":true,"href":"https:\/\/hoteltomanage.com\/en\/wp-json\/wp\/v2\/comments?post=107"}],"version-history":[{"count":9,"href":"https:\/\/hoteltomanage.com\/en\/wp-json\/wp\/v2\/pages\/107\/revisions"}],"predecessor-version":[{"id":122,"href":"https:\/\/hoteltomanage.com\/en\/wp-json\/wp\/v2\/pages\/107\/revisions\/122"}],"wp:attachment":[{"href":"https:\/\/hoteltomanage.com\/en\/wp-json\/wp\/v2\/media?parent=107"}],"curies":[{"name":"wp","href":"https:\/\/api.w.org\/{rel}","templated":true}]}}