{"id":11,"date":"2026-05-09T16:23:40","date_gmt":"2026-05-09T16:23:40","guid":{"rendered":"https:\/\/hoteltomanage.com\/?page_id=11"},"modified":"2026-05-11T08:24:33","modified_gmt":"2026-05-11T08:24:33","slug":"markalarimiz","status":"publish","type":"page","link":"https:\/\/hoteltomanage.com\/en\/markalarimiz\/","title":{"rendered":"Our Brands"},"content":{"rendered":"<div class=\"wp-block-group r-spacing wow animate__animated animate__fadeInUp has-global-padding is-layout-constrained wp-container-core-group-is-layout-9e277222 wp-block-group-is-layout-constrained\" style=\"margin-top:0;margin-bottom:100px;padding-right:20px;padding-left:20px\">\n<div class=\"wp-block-columns alignfull are-vertically-aligned-center is-layout-flex wp-container-core-columns-is-layout-e9bd2b96 wp-block-columns-is-layout-flex\" style=\"margin-top:0;margin-bottom:0\">\n<div class=\"wp-block-column is-vertically-aligned-center is-layout-flow wp-block-column-is-layout-flow\">\n<figure class=\"wp-block-image size-full\"><img loading=\"lazy\" decoding=\"async\" width=\"842\" height=\"595\" src=\"https:\/\/hoteltomanage.com\/wp-content\/uploads\/2026\/05\/379db7cb9d49343ac3e7e0b4fa9d8157.png\" alt=\"\" class=\"wp-image-69\" srcset=\"https:\/\/hoteltomanage.com\/wp-content\/uploads\/2026\/05\/379db7cb9d49343ac3e7e0b4fa9d8157.png 842w, https:\/\/hoteltomanage.com\/wp-content\/uploads\/2026\/05\/379db7cb9d49343ac3e7e0b4fa9d8157-300x212.png 300w, https:\/\/hoteltomanage.com\/wp-content\/uploads\/2026\/05\/379db7cb9d49343ac3e7e0b4fa9d8157-768x543.png 768w\" sizes=\"auto, (max-width: 842px) 100vw, 842px\" \/><\/figure>\n<\/div>\n\n\n\n<div class=\"wp-block-column is-vertically-aligned-center is-layout-flow wp-block-column-is-layout-flow\">\n<div class=\"wp-block-group is-content-justification-space-between is-nowrap is-layout-flex wp-container-core-group-is-layout-cb46ffcb wp-block-group-is-layout-flex\">\n<h2 class=\"wp-block-heading\" id=\"TheUnCommonHotel\" style=\"font-size:clamp(1.502rem, 1.502rem + ((1vw - 0.2rem) * 1.736), 2.5rem);\">The UnCommon Hotel<\/h2>\n<\/div>\n\n\n\n<p style=\"margin-bottom:24px\">The UnCommon Hotel; s\u0131radan l\u00fcks anlay\u0131\u015f\u0131n\u0131n \u00f6tesine ge\u00e7en, tasar\u0131m odakl\u0131, s\u00fcrd\u00fcr\u00fclebilir ve ticari a\u00e7\u0131dan g\u00fc\u00e7l\u00fc bir \u00fcst segment konaklama konseptidir. Atmosfer, sezgisel hizmet, mimari kalite, duygusal ba\u011f ve se\u00e7ilmi\u015f deneyimler \u00fczerine kurulu rafine bir otel markas\u0131d\u0131r.<\/p>\n<\/div>\n<\/div>\n\n\n\n<div class=\"wp-block-columns alignfull are-vertically-aligned-center is-layout-flex wp-container-core-columns-is-layout-e9bd2b96 wp-block-columns-is-layout-flex\" style=\"margin-top:0;margin-bottom:0\">\n<div class=\"wp-block-column is-vertically-aligned-center is-layout-flow wp-block-column-is-layout-flow\">\n<div class=\"wp-block-group is-content-justification-space-between is-nowrap is-layout-flex wp-container-core-group-is-layout-cb46ffcb wp-block-group-is-layout-flex\">\n<h2 class=\"wp-block-heading\" style=\"font-size:clamp(1.502rem, 1.502rem + ((1vw - 0.2rem) * 1.736), 2.5rem);\">The Worthy Hotel<\/h2>\n<\/div>\n\n\n\n<p>The Worthy Hotel; i\u015f ve tatil ama\u00e7l\u0131 seyahat eden misafirler i\u00e7in konfor, verimlilik ve hizmet kalitesini dengeli bir yap\u0131da sunan modern bir otel konseptidir. Fonksiyonel tasar\u0131m, g\u00fcvenilir servis ve g\u00fc\u00e7l\u00fc operasyon modeliyle s\u00fcrd\u00fcr\u00fclebilir performans hedefler<\/p>\n<\/div>\n\n\n\n<div class=\"wp-block-column is-layout-flow wp-block-column-is-layout-flow\">\n<figure class=\"wp-block-image size-full\"><img loading=\"lazy\" decoding=\"async\" width=\"842\" height=\"595\" src=\"https:\/\/hoteltomanage.com\/wp-content\/uploads\/2026\/05\/9fc054bfd7c4c6c7022da8cdff3b3d29.png\" alt=\"\" class=\"wp-image-75\" srcset=\"https:\/\/hoteltomanage.com\/wp-content\/uploads\/2026\/05\/9fc054bfd7c4c6c7022da8cdff3b3d29.png 842w, https:\/\/hoteltomanage.com\/wp-content\/uploads\/2026\/05\/9fc054bfd7c4c6c7022da8cdff3b3d29-300x212.png 300w, https:\/\/hoteltomanage.com\/wp-content\/uploads\/2026\/05\/9fc054bfd7c4c6c7022da8cdff3b3d29-768x543.png 768w\" sizes=\"auto, (max-width: 842px) 100vw, 842px\" \/><\/figure>\n<\/div>\n<\/div>\n\n\n\n<div class=\"wp-block-columns are-vertically-aligned-center is-layout-flex wp-container-core-columns-is-layout-e9bd2b96 wp-block-columns-is-layout-flex\" style=\"margin-top:0;margin-bottom:0\">\n<div class=\"wp-block-column is-vertically-aligned-center is-layout-flow wp-block-column-is-layout-flow\">\n<div class=\"wp-block-cover has-custom-content-position is-position-bottom-center r-cover why-choose-us-wrapper\" style=\"border-radius:10px;padding-top:40px;padding-right:40px;padding-bottom:40px;padding-left:40px;min-height:480px;aspect-ratio:unset;\"><img loading=\"lazy\" decoding=\"async\" width=\"842\" height=\"595\" class=\"wp-block-cover__image-background wp-image-71 size-full\" alt=\"\" src=\"https:\/\/hoteltomanage.com\/wp-content\/uploads\/2026\/05\/6e0f4c56ea5b7c6d30fdf7b9b08c0899.png\" data-object-fit=\"cover\" srcset=\"https:\/\/hoteltomanage.com\/wp-content\/uploads\/2026\/05\/6e0f4c56ea5b7c6d30fdf7b9b08c0899.png 842w, https:\/\/hoteltomanage.com\/wp-content\/uploads\/2026\/05\/6e0f4c56ea5b7c6d30fdf7b9b08c0899-300x212.png 300w, https:\/\/hoteltomanage.com\/wp-content\/uploads\/2026\/05\/6e0f4c56ea5b7c6d30fdf7b9b08c0899-768x543.png 768w\" sizes=\"auto, (max-width: 842px) 100vw, 842px\" \/><span aria-hidden=\"true\" class=\"wp-block-cover__background has-background-dim-0 has-background-dim\"><\/span><div class=\"wp-block-cover__inner-container has-global-padding is-layout-constrained wp-container-core-cover-is-layout-e158748c wp-block-cover-is-layout-constrained\">\n<p><\/p>\n<\/div><\/div>\n<\/div>\n\n\n\n<div class=\"wp-block-column is-vertically-aligned-center is-layout-flow wp-block-column-is-layout-flow\">\n<div class=\"wp-block-group is-content-justification-space-between is-nowrap is-layout-flex wp-container-core-group-is-layout-cb46ffcb wp-block-group-is-layout-flex\">\n<h2 class=\"wp-block-heading\" style=\"font-size:clamp(1.502rem, 1.502rem + ((1vw - 0.2rem) * 1.736), 2.5rem);\">The NewGen Hotel<\/h2>\n<\/div>\n\n\n\n<p style=\"margin-bottom:24px\">The NewGen Hotel; yeni nesil gezginlerin beklentilerine uygun, dinamik, teknolojik ve tasar\u0131m odakl\u0131 butik otel konseptidir. Esnek kullan\u0131m alanlar\u0131, \u00e7a\u011fda\u015f hizmet anlay\u0131\u015f\u0131 ve g\u00fc\u00e7l\u00fc fiyat-performans dengesiyle farkl\u0131la\u015f\u0131r.<\/p>\n\n\n\n<ul style=\"padding-top:0;padding-right:var(--wp--preset--spacing--20);padding-bottom:0;padding-left:var(--wp--preset--spacing--20)\" class=\"wp-block-list\">\n<li style=\"margin-top:0px;margin-bottom:12px\">Lacus netus conubia vel<\/li>\n\n\n\n<li style=\"margin-bottom:12px\">Aliquam venenatis conubia mauris<\/li>\n\n\n\n<li style=\"margin-bottom:12px\">Hac si lacinia lectus<\/li>\n\n\n\n<li>Potenti tristique facilisi dignissim<\/li>\n<\/ul>\n<\/div>\n<\/div>\n\n\n\n<div class=\"wp-block-columns are-vertically-aligned-center is-layout-flex wp-container-core-columns-is-layout-e9bd2b96 wp-block-columns-is-layout-flex\" style=\"margin-top:0;margin-bottom:0\">\n<div class=\"wp-block-column is-vertically-aligned-center is-layout-flow wp-block-column-is-layout-flow\">\n<div class=\"wp-block-group is-content-justification-space-between is-nowrap is-layout-flex wp-container-core-group-is-layout-cb46ffcb wp-block-group-is-layout-flex\">\n<h2 class=\"wp-block-heading\" style=\"font-size:clamp(1.502rem, 1.502rem + ((1vw - 0.2rem) * 1.736), 2.5rem);\">Worthy #14<\/h2>\n<\/div>\n\n\n\n<p>Worthy No14; yenilik\u00e7i men\u00fc tasar\u0131m\u0131, kontroll\u00fc maliyet yap\u0131s\u0131 ve s\u00fcrd\u00fcr\u00fclebilir operasyon modeliyle kurgulanan yeme-i\u00e7me konseptidir. \u015e\u0131k, eri\u015filebilir, verimli ve markala\u015fabilir restoran-kafe deneyimi sunar.<\/p>\n<\/div>\n\n\n\n<div class=\"wp-block-column is-layout-flow wp-block-column-is-layout-flow\">\n<figure class=\"wp-block-image size-full\"><img loading=\"lazy\" decoding=\"async\" width=\"842\" height=\"595\" src=\"https:\/\/hoteltomanage.com\/wp-content\/uploads\/2026\/05\/5fbc9040d6eea0f5624181c2ae7e41d7.png\" alt=\"\" class=\"wp-image-70\" srcset=\"https:\/\/hoteltomanage.com\/wp-content\/uploads\/2026\/05\/5fbc9040d6eea0f5624181c2ae7e41d7.png 842w, https:\/\/hoteltomanage.com\/wp-content\/uploads\/2026\/05\/5fbc9040d6eea0f5624181c2ae7e41d7-300x212.png 300w, https:\/\/hoteltomanage.com\/wp-content\/uploads\/2026\/05\/5fbc9040d6eea0f5624181c2ae7e41d7-768x543.png 768w\" sizes=\"auto, (max-width: 842px) 100vw, 842px\" \/><\/figure>\n<\/div>\n<\/div>\n\n\n\n<div class=\"wp-block-columns alignfull are-vertically-aligned-center is-layout-flex wp-container-core-columns-is-layout-e9bd2b96 wp-block-columns-is-layout-flex\" style=\"margin-top:0;margin-bottom:0\">\n<div class=\"wp-block-column is-vertically-aligned-center is-layout-flow wp-block-column-is-layout-flow\">\n<div class=\"wp-block-cover has-custom-content-position is-position-bottom-center r-cover why-choose-us-wrapper\" style=\"border-radius:10px;padding-top:40px;padding-right:40px;padding-bottom:40px;padding-left:40px;min-height:480px;aspect-ratio:unset;\"><img loading=\"lazy\" decoding=\"async\" width=\"842\" height=\"595\" class=\"wp-block-cover__image-background wp-image-72 size-full\" alt=\"\" src=\"https:\/\/hoteltomanage.com\/wp-content\/uploads\/2026\/05\/7a0fd7b2316ec8c857b1bf4200841279.png\" style=\"object-position:0% 0%\" data-object-fit=\"cover\" data-object-position=\"0% 0%\" srcset=\"https:\/\/hoteltomanage.com\/wp-content\/uploads\/2026\/05\/7a0fd7b2316ec8c857b1bf4200841279.png 842w, https:\/\/hoteltomanage.com\/wp-content\/uploads\/2026\/05\/7a0fd7b2316ec8c857b1bf4200841279-300x212.png 300w, https:\/\/hoteltomanage.com\/wp-content\/uploads\/2026\/05\/7a0fd7b2316ec8c857b1bf4200841279-768x543.png 768w\" sizes=\"auto, (max-width: 842px) 100vw, 842px\" \/><span aria-hidden=\"true\" class=\"wp-block-cover__background has-background-dim-0 has-background-dim\"><\/span><div class=\"wp-block-cover__inner-container is-layout-flow wp-block-cover-is-layout-flow\">\n<p class=\"has-text-align-center has-large-font-size\"><\/p>\n<\/div><\/div>\n<\/div>\n\n\n\n<div class=\"wp-block-column is-vertically-aligned-center is-layout-flow wp-block-column-is-layout-flow\">\n<div class=\"wp-block-group is-content-justification-space-between is-nowrap is-layout-flex wp-container-core-group-is-layout-cb46ffcb wp-block-group-is-layout-flex\">\n<h2 class=\"wp-block-heading\" style=\"font-size:clamp(1.453rem, 1.453rem + ((1vw - 0.2rem) * 1.647), 2.4rem);\">The Worthy Residence<\/h2>\n<\/div>\n\n\n\n<p style=\"margin-bottom:24px\">The Worthy Residence; modern ya\u015fam beklentilerine uygun, konforlu, i\u015flevsel ve yat\u0131r\u0131m geri d\u00f6n\u00fc\u015f\u00fcn\u00fc destekleyen rezidans konseptidir. K\u0131sa ve uzun d\u00f6nem konaklama modellerine uygun i\u015fletme yakla\u015f\u0131m\u0131yla gelir potansiyelini art\u0131rmay\u0131 hedefler.<\/p>\n<\/div>\n<\/div>\n\n\n\n<div class=\"wp-block-columns are-vertically-aligned-center is-layout-flex wp-container-core-columns-is-layout-e9bd2b96 wp-block-columns-is-layout-flex\" style=\"margin-top:0;margin-bottom:0\">\n<div class=\"wp-block-column is-vertically-aligned-center is-layout-flow wp-block-column-is-layout-flow\">\n<div class=\"wp-block-cover has-custom-content-position is-position-bottom-center r-cover why-choose-us-wrapper\" style=\"border-radius:10px;padding-top:40px;padding-right:40px;padding-bottom:40px;padding-left:40px;min-height:480px;aspect-ratio:unset;\"><img loading=\"lazy\" decoding=\"async\" width=\"842\" height=\"595\" class=\"wp-block-cover__image-background wp-image-76 size-full\" alt=\"\" src=\"https:\/\/hoteltomanage.com\/wp-content\/uploads\/2026\/05\/9f898838834a6ddd004bc70e784ce628.png\" data-object-fit=\"cover\" srcset=\"https:\/\/hoteltomanage.com\/wp-content\/uploads\/2026\/05\/9f898838834a6ddd004bc70e784ce628.png 842w, https:\/\/hoteltomanage.com\/wp-content\/uploads\/2026\/05\/9f898838834a6ddd004bc70e784ce628-300x212.png 300w, https:\/\/hoteltomanage.com\/wp-content\/uploads\/2026\/05\/9f898838834a6ddd004bc70e784ce628-768x543.png 768w\" sizes=\"auto, (max-width: 842px) 100vw, 842px\" \/><span aria-hidden=\"true\" class=\"wp-block-cover__background has-background-dim-0 has-background-dim\"><\/span><div class=\"wp-block-cover__inner-container has-global-padding is-layout-constrained wp-container-core-cover-is-layout-e158748c wp-block-cover-is-layout-constrained\">\n<p class=\"has-text-align-center has-large-font-size\"><\/p>\n<\/div><\/div>\n<\/div>\n\n\n\n<div class=\"wp-block-column is-vertically-aligned-center is-layout-flow wp-block-column-is-layout-flow\">\n<div class=\"wp-block-group is-content-justification-space-between is-nowrap is-layout-flex wp-container-core-group-is-layout-cb46ffcb wp-block-group-is-layout-flex\">\n<h2 class=\"wp-block-heading\" style=\"font-size:clamp(1.502rem, 1.502rem + ((1vw - 0.2rem) * 1.736), 2.5rem);\">He and She Runs<\/h2>\n<\/div>\n\n\n\n<p style=\"margin-bottom:24px\">He&amp;She Runs; spa, wellness ve fitness alanlar\u0131nda yat\u0131r\u0131m planlamas\u0131, ekipman se\u00e7imi, hizmet standard\u0131 ve operasyon y\u00f6netimi sa\u011flayan ya\u015fam tarz\u0131 odakl\u0131 konsepttir. Misafir deneyimini g\u00fc\u00e7lendiren, verimli ve s\u00fcrd\u00fcr\u00fclebilir wellness alanlar\u0131 olu\u015fturur.<\/p>\n<\/div>\n<\/div>\n<\/div>","protected":false},"excerpt":{"rendered":"<p>The UnCommon Hotel The UnCommon Hotel; s\u0131radan l\u00fcks anlay\u0131\u015f\u0131n\u0131n \u00f6tesine ge\u00e7en, tasar\u0131m odakl\u0131, s\u00fcrd\u00fcr\u00fclebilir ve ticari a\u00e7\u0131dan g\u00fc\u00e7l\u00fc bir \u00fcst segment konaklama konseptidir. Atmosfer, sezgisel hizmet, mimari kalite, duygusal ba\u011f ve se\u00e7ilmi\u015f deneyimler \u00fczerine kurulu rafine bir otel markas\u0131d\u0131r. The Worthy Hotel The Worthy Hotel; i\u015f ve tatil ama\u00e7l\u0131 seyahat eden misafirler i\u00e7in konfor, verimlilik [&hellip;]<\/p>\n","protected":false},"author":1,"featured_media":0,"parent":0,"menu_order":0,"comment_status":"closed","ping_status":"closed","template":"","meta":{"footnotes":""},"class_list":["post-11","page","type-page","status-publish","hentry"],"_hostinger_reach_plugin_has_subscription_block":false,"_hostinger_reach_plugin_is_elementor":false,"_links":{"self":[{"href":"https:\/\/hoteltomanage.com\/en\/wp-json\/wp\/v2\/pages\/11","targetHints":{"allow":["GET"]}}],"collection":[{"href":"https:\/\/hoteltomanage.com\/en\/wp-json\/wp\/v2\/pages"}],"about":[{"href":"https:\/\/hoteltomanage.com\/en\/wp-json\/wp\/v2\/types\/page"}],"author":[{"embeddable":true,"href":"https:\/\/hoteltomanage.com\/en\/wp-json\/wp\/v2\/users\/1"}],"replies":[{"embeddable":true,"href":"https:\/\/hoteltomanage.com\/en\/wp-json\/wp\/v2\/comments?post=11"}],"version-history":[{"count":8,"href":"https:\/\/hoteltomanage.com\/en\/wp-json\/wp\/v2\/pages\/11\/revisions"}],"predecessor-version":[{"id":142,"href":"https:\/\/hoteltomanage.com\/en\/wp-json\/wp\/v2\/pages\/11\/revisions\/142"}],"wp:attachment":[{"href":"https:\/\/hoteltomanage.com\/en\/wp-json\/wp\/v2\/media?parent=11"}],"curies":[{"name":"wp","href":"https:\/\/api.w.org\/{rel}","templated":true}]}}