{"id":135,"date":"2026-05-11T08:17:09","date_gmt":"2026-05-11T08:17:09","guid":{"rendered":"https:\/\/hoteltomanage.com\/vizyon-misyon\/"},"modified":"2026-05-11T08:20:29","modified_gmt":"2026-05-11T08:20:29","slug":"vizyon-misyon","status":"publish","type":"page","link":"https:\/\/hoteltomanage.com\/en\/vizyon-misyon\/","title":{"rendered":"Vizyon ve Misyonumuz"},"content":{"rendered":"<div class=\"wp-block-columns is-layout-flex wp-container-core-columns-is-layout-28f84493 wp-block-columns-is-layout-flex\">\n<div class=\"wp-block-column is-vertically-aligned-center is-layout-flow wp-block-column-is-layout-flow\">\n<h1 class=\"wp-block-heading\">Vizyon<\/h1>\n\n\n\n<p>S\u00fcrd\u00fcr\u00fclebilir turizmde g\u00fcven duyulan, insana ve do\u011faya sayg\u0131l\u0131 i\u015fletme ve dan\u0131\u015fmanl\u0131k firmas\u0131 olmak.<\/p>\n<\/div>\n\n\n\n<div class=\"wp-block-column is-layout-flow wp-block-column-is-layout-flow\">\n<figure class=\"wp-block-image size-full\"><img loading=\"lazy\" decoding=\"async\" width=\"370\" height=\"405\" src=\"https:\/\/hoteltomanage.com\/wp-content\/uploads\/2026\/05\/vizyonmisyon1.jpg\" alt=\"\" class=\"wp-image-138\" srcset=\"https:\/\/hoteltomanage.com\/wp-content\/uploads\/2026\/05\/vizyonmisyon1.jpg 370w, https:\/\/hoteltomanage.com\/wp-content\/uploads\/2026\/05\/vizyonmisyon1-274x300.jpg 274w\" sizes=\"auto, (max-width: 370px) 100vw, 370px\" \/><\/figure>\n<\/div>\n\n\n\n<div class=\"wp-block-column is-vertically-aligned-center is-layout-flow wp-block-column-is-layout-flow\">\n<h1 class=\"wp-block-heading\">Misyon<\/h1>\n\n\n\n<p>S\u00fcrd\u00fcr\u00fclebilir turizm i\u00e7in, insanlar\u0131n \u00e7al\u0131\u015fmak isteyece\u011fi, memnuniyet odakl\u0131 hizmet standartlar\u0131n\u0131n uyguland\u0131\u011f\u0131, bunun neticesinde memnun misafir ile karl\u0131l\u0131k hedeflerinin ger\u00e7ekle\u015fti\u011fi, t\u00fcm payda\u015flar\u0131n\u0131n mutlu oldu\u011fu ya\u015fam merkezleri kurmak ve i\u015fletmek.<\/p>\n<\/div>\n<\/div>","protected":false},"excerpt":{"rendered":"<p>Vizyon S\u00fcrd\u00fcr\u00fclebilir turizmde g\u00fcven duyulan, insana ve do\u011faya sayg\u0131l\u0131 i\u015fletme ve dan\u0131\u015fmanl\u0131k firmas\u0131 olmak. Misyon S\u00fcrd\u00fcr\u00fclebilir turizm i\u00e7in, insanlar\u0131n \u00e7al\u0131\u015fmak isteyece\u011fi, memnuniyet odakl\u0131 hizmet standartlar\u0131n\u0131n uyguland\u0131\u011f\u0131, bunun neticesinde memnun misafir ile karl\u0131l\u0131k hedeflerinin ger\u00e7ekle\u015fti\u011fi, t\u00fcm payda\u015flar\u0131n\u0131n mutlu oldu\u011fu ya\u015fam merkezleri kurmak ve i\u015fletmek.<\/p>","protected":false},"author":1,"featured_media":0,"parent":0,"menu_order":0,"comment_status":"closed","ping_status":"closed","template":"","meta":{"footnotes":""},"class_list":["post-135","page","type-page","status-publish","hentry"],"_hostinger_reach_plugin_has_subscription_block":false,"_hostinger_reach_plugin_is_elementor":false,"_links":{"self":[{"href":"https:\/\/hoteltomanage.com\/en\/wp-json\/wp\/v2\/pages\/135","targetHints":{"allow":["GET"]}}],"collection":[{"href":"https:\/\/hoteltomanage.com\/en\/wp-json\/wp\/v2\/pages"}],"about":[{"href":"https:\/\/hoteltomanage.com\/en\/wp-json\/wp\/v2\/types\/page"}],"author":[{"embeddable":true,"href":"https:\/\/hoteltomanage.com\/en\/wp-json\/wp\/v2\/users\/1"}],"replies":[{"embeddable":true,"href":"https:\/\/hoteltomanage.com\/en\/wp-json\/wp\/v2\/comments?post=135"}],"version-history":[{"count":1,"href":"https:\/\/hoteltomanage.com\/en\/wp-json\/wp\/v2\/pages\/135\/revisions"}],"predecessor-version":[{"id":139,"href":"https:\/\/hoteltomanage.com\/en\/wp-json\/wp\/v2\/pages\/135\/revisions\/139"}],"wp:attachment":[{"href":"https:\/\/hoteltomanage.com\/en\/wp-json\/wp\/v2\/media?parent=135"}],"curies":[{"name":"wp","href":"https:\/\/api.w.org\/{rel}","templated":true}]}}