{"id":39,"date":"2026-05-09T16:44:35","date_gmt":"2026-05-09T16:44:35","guid":{"rendered":"https:\/\/hoteltomanage.com\/?page_id=39"},"modified":"2026-05-11T08:47:16","modified_gmt":"2026-05-11T08:47:16","slug":"projelerimiz","status":"publish","type":"page","link":"https:\/\/hoteltomanage.com\/en\/projelerimiz\/","title":{"rendered":"Our projects"},"content":{"rendered":"<div class=\"wp-block-group r-spacing wow animate__animated animate__fadeInUp has-global-padding is-layout-constrained wp-container-core-group-is-layout-9e277222 wp-block-group-is-layout-constrained\" style=\"margin-top:0;margin-bottom:100px;padding-right:20px;padding-left:20px\">\n<div class=\"wp-block-group title-spacing has-global-padding is-content-justification-left is-layout-constrained wp-container-core-group-is-layout-fb5f6e31 wp-block-group-is-layout-constrained\" style=\"margin-bottom:60px\">\n<h2 class=\"wp-block-heading has-text-align-left has-x-large-font-size\" style=\"margin-top:0;margin-bottom:0;line-height:1.2;text-transform:capitalize\"><\/h2>\n<\/div>\n\n\n<\/div>\n\n\n\n<p><\/p>","protected":false},"excerpt":{"rendered":"<p>Radisson Osmaniye Radisson Osmaniye, Osmaniye\u2019de uluslararas\u0131 Radisson marka standartlar\u0131yla hayata ge\u00e7irilmesi planlanan modern bir \u015fehir otelidir. \u0130\u015f seyahati, konaklama, toplant\u0131 ve etkinlik ihtiya\u00e7lar\u0131na \u00e7a\u011fda\u015f \u00e7\u00f6z\u00fcmler sunmay\u0131 hedefleyen proje; g\u00fc\u00e7l\u00fc marka kimli\u011fi, modern teknoloji altyap\u0131s\u0131, operasyonel verimlilik ve misafir memnuniyeti odakl\u0131 hizmet anlay\u0131\u015f\u0131yla b\u00f6lgenin hospitality de\u011ferine katk\u0131 sa\u011flamay\u0131 ama\u00e7lamaktad\u0131r<\/p>","protected":false},"author":1,"featured_media":0,"parent":0,"menu_order":0,"comment_status":"closed","ping_status":"closed","template":"","meta":{"footnotes":""},"class_list":["post-39","page","type-page","status-publish","hentry"],"_hostinger_reach_plugin_has_subscription_block":false,"_hostinger_reach_plugin_is_elementor":false,"_links":{"self":[{"href":"https:\/\/hoteltomanage.com\/en\/wp-json\/wp\/v2\/pages\/39","targetHints":{"allow":["GET"]}}],"collection":[{"href":"https:\/\/hoteltomanage.com\/en\/wp-json\/wp\/v2\/pages"}],"about":[{"href":"https:\/\/hoteltomanage.com\/en\/wp-json\/wp\/v2\/types\/page"}],"author":[{"embeddable":true,"href":"https:\/\/hoteltomanage.com\/en\/wp-json\/wp\/v2\/users\/1"}],"replies":[{"embeddable":true,"href":"https:\/\/hoteltomanage.com\/en\/wp-json\/wp\/v2\/comments?post=39"}],"version-history":[{"count":4,"href":"https:\/\/hoteltomanage.com\/en\/wp-json\/wp\/v2\/pages\/39\/revisions"}],"predecessor-version":[{"id":155,"href":"https:\/\/hoteltomanage.com\/en\/wp-json\/wp\/v2\/pages\/39\/revisions\/155"}],"wp:attachment":[{"href":"https:\/\/hoteltomanage.com\/en\/wp-json\/wp\/v2\/media?parent=39"}],"curies":[{"name":"wp","href":"https:\/\/api.w.org\/{rel}","templated":true}]}}